{"id":9711,"date":"2021-08-20T16:13:52","date_gmt":"2021-08-20T15:13:52","guid":{"rendered":"https:\/\/ilostmyearbud.com\/ilostmyearbud-com\/"},"modified":"2021-08-26T07:28:50","modified_gmt":"2021-08-26T06:28:50","slug":"ilostmyearbud-com","status":"publish","type":"page","link":"https:\/\/ilostmyearbud.com\/it\/ilostmyearbud-com\/","title":{"rendered":"IlostMyEarbud.com"},"content":{"rendered":"<div class=\"container about-us my-4\" id=\"\">\r\n    \r\n\t<div class=\"about-us-row\">\r\n        <h1 class=\"about-us-title mb-3 text-left\"><\/h1>\r\n\t\t<div class=\"hp-text-image col-12\">\r\n            <div class=\"row d-flex flex-column align-items-center\">\r\n                                <div class=\"col-12\">\r\n                        <div class=\"hp-text-image__content\">\r\n                            <p>Come utenti entusiasti, difficilmente possiamo fare a meno dei nostri Apple Airpods nella vita. Uli, il fondatore di IlostMyEarbud.com, stava passeggiando con il suo cane vicino al suo appartamento a Monaco sull&#8217;Isar un giorno quando uno degli auricolari gli \u00e8 caduto accidentalmente dall&#8217;orecchio. Nel momento in cui si gir\u00f2 per raccoglierlo, sent\u00ec un debole crack. Ha scoperto che un passante immediatamente dietro di lui ha accidentalmente calpestato l&#8217;airpod caduto. C&#8217;era una crepa nella custodia e un rapido test ha confermato la paura che l&#8217;Airpod non funzionasse pi\u00f9.<\/p>\n<p>A prima vista, \u00e8 stato costretto a disfarsi dei suoi amati Airpods e a sostituirli con un nuovo set. Ma non voleva semplicemente accettare questo. Pertanto, ha iniziato a scoprire di pi\u00f9 sugli Airpods e le opzioni di riparazione. La ricerca ha confermato che un grande prodotto Apple Airpods \u00e8 in realt\u00e0 e che ci sono poche offerte comparabili sul mercato in termini di prestazioni e il prezzo associato. Allo stesso tempo, per\u00f2, \u00e8 diventato anche chiaro che un gran numero di possibili problemi pu\u00f2 ancora sorgere e la soluzione non \u00e8 sempre del tutto ovvia.<\/p>\n<p>Dopo aver studiato l&#8217;argomento pi\u00f9 da vicino, ha scoperto che amici e conoscenti si trovavano regolarmente in situazioni problematiche simili. Grazie alle conoscenze specialistiche che aveva acquisito, era in grado di aiutare la maggior parte di loro &#8211; spesso utilizzando semplici trucchi che non comportavano alcun costo. Nei pochi casi in cui i pezzi di ricambio erano effettivamente necessari, potevano essere acquistati pi\u00f9 economicamente comprandoli insieme e poi dividendo un set completo che dal servizio Apple.<\/p>\n<p>Questo ha gettato le basi per il portale online IlostMyEarbud.com. Gli utenti possono trovare informazioni complete su vari tipi di sfide e problemi con i loro Airpods. Informazioni dettagliate, consigli, opzioni diagnostiche e istruzioni passo dopo passo sono disponibili gratuitamente per il pubblico. Inoltre, ci sono pezzi di ricambio originali in offerta, che compriamo e riconfezioniamo in un set. E a prezzi che sono ben al di sotto di quelli dell&#8217;Apple Service e di altri rivenditori autorizzati.<\/p>\n                        <\/div>\r\n                    <\/div>\r\n                                <\/div>\r\n        <\/div>\r\n    <\/div>\r\n<\/div>","protected":false},"excerpt":{"rendered":"","protected":false},"author":1,"featured_media":0,"parent":0,"menu_order":0,"comment_status":"closed","ping_status":"closed","template":"page-templates\/template-text-page.php","meta":{"_acf_changed":false,"footnotes":""},"class_list":["post-9711","page","type-page","status-publish","hentry"],"acf":[],"yoast_head":"<!-- This site is optimized with the Yoast SEO plugin v23.3 - https:\/\/yoast.com\/wordpress\/plugins\/seo\/ -->\n<title>IlostMyEarbud.com - ilostmyearbud<\/title>\n<meta name=\"robots\" content=\"index, follow, max-snippet:-1, max-image-preview:large, max-video-preview:-1\" \/>\n<link rel=\"canonical\" href=\"https:\/\/ilostmyearbud.com\/it\/ilostmyearbud-com\/\" \/>\n<meta property=\"og:locale\" content=\"it_IT\" \/>\n<meta property=\"og:type\" content=\"article\" \/>\n<meta property=\"og:title\" content=\"IlostMyEarbud.com - ilostmyearbud\" \/>\n<meta property=\"og:url\" content=\"https:\/\/ilostmyearbud.com\/it\/ilostmyearbud-com\/\" \/>\n<meta property=\"og:site_name\" content=\"ilostmyearbud\" \/>\n<meta property=\"article:modified_time\" content=\"2021-08-26T06:28:50+00:00\" \/>\n<meta name=\"twitter:card\" content=\"summary_large_image\" \/>\n<script type=\"application\/ld+json\" class=\"yoast-schema-graph\">{\"@context\":\"https:\/\/schema.org\",\"@graph\":[{\"@type\":\"WebPage\",\"@id\":\"https:\/\/ilostmyearbud.com\/it\/ilostmyearbud-com\/\",\"url\":\"https:\/\/ilostmyearbud.com\/it\/ilostmyearbud-com\/\",\"name\":\"IlostMyEarbud.com - ilostmyearbud\",\"isPartOf\":{\"@id\":\"https:\/\/ilostmyearbud.com\/it\/#website\"},\"datePublished\":\"2021-08-20T15:13:52+00:00\",\"dateModified\":\"2021-08-26T06:28:50+00:00\",\"breadcrumb\":{\"@id\":\"https:\/\/ilostmyearbud.com\/it\/ilostmyearbud-com\/#breadcrumb\"},\"inLanguage\":\"it-IT\",\"potentialAction\":[{\"@type\":\"ReadAction\",\"target\":[\"https:\/\/ilostmyearbud.com\/it\/ilostmyearbud-com\/\"]}]},{\"@type\":\"BreadcrumbList\",\"@id\":\"https:\/\/ilostmyearbud.com\/it\/ilostmyearbud-com\/#breadcrumb\",\"itemListElement\":[{\"@type\":\"ListItem\",\"position\":1,\"name\":\"Home\",\"item\":\"https:\/\/ilostmyearbud.com\/it\/\"},{\"@type\":\"ListItem\",\"position\":2,\"name\":\"IlostMyEarbud.com\"}]},{\"@type\":\"WebSite\",\"@id\":\"https:\/\/ilostmyearbud.com\/it\/#website\",\"url\":\"https:\/\/ilostmyearbud.com\/it\/\",\"name\":\"ilostmyearbud\",\"description\":\"Repariere, finde oder l\u00f6se verschiedene Probleme mit deinen Apple Airpods.\",\"potentialAction\":[{\"@type\":\"SearchAction\",\"target\":{\"@type\":\"EntryPoint\",\"urlTemplate\":\"https:\/\/ilostmyearbud.com\/it\/?s={search_term_string}\"},\"query-input\":\"required name=search_term_string\"}],\"inLanguage\":\"it-IT\"}]}<\/script>\n<!-- \/ Yoast SEO plugin. -->","yoast_head_json":{"title":"IlostMyEarbud.com - ilostmyearbud","robots":{"index":"index","follow":"follow","max-snippet":"max-snippet:-1","max-image-preview":"max-image-preview:large","max-video-preview":"max-video-preview:-1"},"canonical":"https:\/\/ilostmyearbud.com\/it\/ilostmyearbud-com\/","og_locale":"it_IT","og_type":"article","og_title":"IlostMyEarbud.com - ilostmyearbud","og_url":"https:\/\/ilostmyearbud.com\/it\/ilostmyearbud-com\/","og_site_name":"ilostmyearbud","article_modified_time":"2021-08-26T06:28:50+00:00","twitter_card":"summary_large_image","schema":{"@context":"https:\/\/schema.org","@graph":[{"@type":"WebPage","@id":"https:\/\/ilostmyearbud.com\/it\/ilostmyearbud-com\/","url":"https:\/\/ilostmyearbud.com\/it\/ilostmyearbud-com\/","name":"IlostMyEarbud.com - ilostmyearbud","isPartOf":{"@id":"https:\/\/ilostmyearbud.com\/it\/#website"},"datePublished":"2021-08-20T15:13:52+00:00","dateModified":"2021-08-26T06:28:50+00:00","breadcrumb":{"@id":"https:\/\/ilostmyearbud.com\/it\/ilostmyearbud-com\/#breadcrumb"},"inLanguage":"it-IT","potentialAction":[{"@type":"ReadAction","target":["https:\/\/ilostmyearbud.com\/it\/ilostmyearbud-com\/"]}]},{"@type":"BreadcrumbList","@id":"https:\/\/ilostmyearbud.com\/it\/ilostmyearbud-com\/#breadcrumb","itemListElement":[{"@type":"ListItem","position":1,"name":"Home","item":"https:\/\/ilostmyearbud.com\/it\/"},{"@type":"ListItem","position":2,"name":"IlostMyEarbud.com"}]},{"@type":"WebSite","@id":"https:\/\/ilostmyearbud.com\/it\/#website","url":"https:\/\/ilostmyearbud.com\/it\/","name":"ilostmyearbud","description":"Repariere, finde oder l\u00f6se verschiedene Probleme mit deinen Apple Airpods.","potentialAction":[{"@type":"SearchAction","target":{"@type":"EntryPoint","urlTemplate":"https:\/\/ilostmyearbud.com\/it\/?s={search_term_string}"},"query-input":"required name=search_term_string"}],"inLanguage":"it-IT"}]}},"_links":{"self":[{"href":"https:\/\/ilostmyearbud.com\/it\/wp-json\/wp\/v2\/pages\/9711","targetHints":{"allow":["GET"]}}],"collection":[{"href":"https:\/\/ilostmyearbud.com\/it\/wp-json\/wp\/v2\/pages"}],"about":[{"href":"https:\/\/ilostmyearbud.com\/it\/wp-json\/wp\/v2\/types\/page"}],"author":[{"embeddable":true,"href":"https:\/\/ilostmyearbud.com\/it\/wp-json\/wp\/v2\/users\/1"}],"replies":[{"embeddable":true,"href":"https:\/\/ilostmyearbud.com\/it\/wp-json\/wp\/v2\/comments?post=9711"}],"version-history":[{"count":6,"href":"https:\/\/ilostmyearbud.com\/it\/wp-json\/wp\/v2\/pages\/9711\/revisions"}],"predecessor-version":[{"id":11570,"href":"https:\/\/ilostmyearbud.com\/it\/wp-json\/wp\/v2\/pages\/9711\/revisions\/11570"}],"wp:attachment":[{"href":"https:\/\/ilostmyearbud.com\/it\/wp-json\/wp\/v2\/media?parent=9711"}],"curies":[{"name":"wp","href":"https:\/\/api.w.org\/{rel}","templated":true}]}}