{"id":23887,"date":"2018-03-17T15:57:11","date_gmt":"2022-04-22T15:58:50","guid":{"rendered":"https:\/\/ilostmyearbud.com\/?post_type=product&#038;p=23887"},"modified":"2023-05-24T13:49:49","modified_gmt":"2023-05-24T12:49:49","slug":"airpod-3-generation-gauche-unique-apple","status":"publish","type":"product","link":"https:\/\/ilostmyearbud.com\/fr\/produkt\/airpod-3-generation-gauche-unique-apple\/","title":{"rendered":"AirPod 3\u00e8me g\u00e9n\u00e9ration gauche seul | Apple"},"content":{"rendered":"<h1>AirPod 3 gauche seul (3e g\u00e9n\u00e9ration)<\/h1>\n<p>La transparence est tr\u00e8s importante pour nous. Tu trouveras donc ci-dessous les caract\u00e9ristiques de ton AirPods gauche de 3e g\u00e9n\u00e9ration :<\/p>\n<p><strong>Caract\u00e9ristiques du produit :<\/strong><\/p>\n<p>Marque : Apple<br \/>\n\u00c9tat : Nouveau (individuel)<br \/>\nCouleur : Blanc<br \/>\nDesign\/surface : Brillant<br \/>\nType de produit : Ecouteurs intra-auriculaires<br \/>\nNum\u00e9ro de fabricant : MME73ZM\/A<br \/>\nEAN : 194252818527<\/p>\n<p>&nbsp;<\/p>\n","protected":false},"excerpt":{"rendered":"<h1>AirPod gauche 3\u00e8me g\u00e9n\u00e9ration (seul)<\/h1>\n<p>Ton AirPod 3 gauche a disparu ou est cass\u00e9 ? Tu ne souhaites pas racheter l&#8217;ensemble et tu cherches une alternative ? Nous connaissons ton probl\u00e8me et avons d\u00e9velopp\u00e9 une solution<\/p>\n<h3>Ton offre :<\/h3>\n<p>Chez nous, tu peux acheter un seul AirPod 3 gauche. De plus, un guide \u00e9tape par \u00e9tape est fourni &#8211; ce qui garantit une connexion tr\u00e8s facile de ton nouvel AirPod avec l&#8217;ancien set !<\/p>\n<h3>Ton avantage<\/h3>\n<ul>\n<li>Nos Airpods 3\u00e8me g\u00e9n\u00e9ration sont directement retir\u00e9s du <strong>set original d&#8217;Apple<\/strong>, contr\u00f4l\u00e9s et imm\u00e9diatement r\u00e9emball\u00e9s \u2714.<\/li>\n<li>L&#8217;AirPod 3 gauche sera exp\u00e9di\u00e9 dans les <strong>24h<\/strong> suivant ta commande, afin qu&#8217;il te parvienne le plus rapidement possible \u2714.<\/li>\n<li>Le num\u00e9ro de s\u00e9rie original est fourni, la <strong> <a href=\"\/?page_id=18557\">garantie<\/a><\/strong> Apple et le service sont donc disponibles comme d&#8217;habitude \u2714<\/li>\n<li><strong>Autonomie maximale<\/strong>, gr\u00e2ce \u00e0 la nouvelle batterie de l&#8217;AirPod \u2714<\/li>\n<\/ul>\n<p><strong>Alors qu&#8217;est-ce que tu attends ? Tes AirPods de 3e g\u00e9n\u00e9ration manquent de ta musique\/podcast pr\u00e9f\u00e9r\u00e9e !<\/strong> ????<\/p>\n<p>Attention : il s&#8217;agit d&#8217;une <strong>offre<\/strong> <strong>exclusive<\/strong> et <strong>limit\u00e9e.<\/strong><\/p>\n<p>(\u2193 tu trouveras des informations suppl\u00e9mentaires plus bas \u2193)<\/p>\n","protected":false},"featured_media":25506,"template":"","meta":{"_acf_changed":false},"product_cat":[113,191,258,115],"product_tag":[],"class_list":{"0":"post-23887","1":"product","2":"type-product","3":"status-publish","4":"has-post-thumbnail","6":"product_cat-apple-fr","7":"product_cat-nouveau","8":"product_cat-3eme-gene","9":"product_cat-gauche","11":"first","12":"outofstock","13":"taxable","14":"shipping-taxable","15":"purchasable","16":"product-type-simple"},"acf":[],"yoast_head":"<!-- This site is optimized with the Yoast SEO plugin v23.3 - https:\/\/yoast.com\/wordpress\/plugins\/seo\/ -->\n<title>AirPod 3\u00e8me g\u00e9n\u00e9ration gauche seul | Apple - ilostmyearbud<\/title>\n<meta name=\"description\" content=\"Tu cherches un nouvel AirPod 3 gauche ? Nouveau | Original | livraison rapide \u2192 pi\u00e8ces de rechange Airpod 3\u00e8me g\u00e9n\u00e9ration garanties \u2714 Regarde...\" \/>\n<meta name=\"robots\" content=\"index, follow, max-snippet:-1, max-image-preview:large, max-video-preview:-1\" \/>\n<link rel=\"canonical\" href=\"https:\/\/ilostmyearbud.com\/fr\/produkt\/airpod-3-generation-gauche-unique-apple\/\" \/>\n<meta property=\"og:locale\" content=\"fr_FR\" \/>\n<meta property=\"og:type\" content=\"article\" \/>\n<meta property=\"og:title\" content=\"AirPod 3\u00e8me g\u00e9n\u00e9ration gauche seul | Apple - ilostmyearbud\" \/>\n<meta property=\"og:description\" content=\"Tu cherches un nouvel AirPod 3 gauche ? Nouveau | Original | livraison rapide \u2192 pi\u00e8ces de rechange Airpod 3\u00e8me g\u00e9n\u00e9ration garanties \u2714 Regarde...\" \/>\n<meta property=\"og:url\" content=\"https:\/\/ilostmyearbud.com\/fr\/produkt\/airpod-3-generation-gauche-unique-apple\/\" \/>\n<meta property=\"og:site_name\" content=\"ilostmyearbud\" \/>\n<meta property=\"article:modified_time\" content=\"2023-05-24T12:49:49+00:00\" \/>\n<meta property=\"og:image\" content=\"https:\/\/ilostmyearbud.com\/wp-content\/uploads\/2018\/03\/airpods-3_0015_left0000.png\" \/>\n\t<meta property=\"og:image:width\" content=\"1600\" \/>\n\t<meta property=\"og:image:height\" content=\"1600\" \/>\n\t<meta property=\"og:image:type\" content=\"image\/png\" \/>\n<meta name=\"twitter:card\" content=\"summary_large_image\" \/>\n<meta name=\"twitter:label1\" content=\"Dur\u00e9e de lecture estim\u00e9e\" \/>\n\t<meta name=\"twitter:data1\" content=\"1 minute\" \/>\n<script type=\"application\/ld+json\" class=\"yoast-schema-graph\">{\"@context\":\"https:\/\/schema.org\",\"@graph\":[{\"@type\":\"WebPage\",\"@id\":\"https:\/\/ilostmyearbud.com\/fr\/produkt\/airpod-3-generation-gauche-unique-apple\/\",\"url\":\"https:\/\/ilostmyearbud.com\/fr\/produkt\/airpod-3-generation-gauche-unique-apple\/\",\"name\":\"AirPod 3\u00e8me g\u00e9n\u00e9ration gauche seul | Apple - ilostmyearbud\",\"isPartOf\":{\"@id\":\"https:\/\/ilostmyearbud.com\/fr\/#website\"},\"primaryImageOfPage\":{\"@id\":\"https:\/\/ilostmyearbud.com\/fr\/produkt\/airpod-3-generation-gauche-unique-apple\/#primaryimage\"},\"image\":{\"@id\":\"https:\/\/ilostmyearbud.com\/fr\/produkt\/airpod-3-generation-gauche-unique-apple\/#primaryimage\"},\"thumbnailUrl\":\"https:\/\/ilostmyearbud.com\/wp-content\/uploads\/2018\/03\/airpods-3_0015_left0000.png\",\"datePublished\":\"2022-04-22T15:58:50+00:00\",\"dateModified\":\"2023-05-24T12:49:49+00:00\",\"description\":\"Tu cherches un nouvel AirPod 3 gauche ? Nouveau | Original | livraison rapide \u2192 pi\u00e8ces de rechange Airpod 3\u00e8me g\u00e9n\u00e9ration garanties \u2714 Regarde...\",\"breadcrumb\":{\"@id\":\"https:\/\/ilostmyearbud.com\/fr\/produkt\/airpod-3-generation-gauche-unique-apple\/#breadcrumb\"},\"inLanguage\":\"fr-FR\",\"potentialAction\":[{\"@type\":\"ReadAction\",\"target\":[\"https:\/\/ilostmyearbud.com\/fr\/produkt\/airpod-3-generation-gauche-unique-apple\/\"]}]},{\"@type\":\"ImageObject\",\"inLanguage\":\"fr-FR\",\"@id\":\"https:\/\/ilostmyearbud.com\/fr\/produkt\/airpod-3-generation-gauche-unique-apple\/#primaryimage\",\"url\":\"https:\/\/ilostmyearbud.com\/wp-content\/uploads\/2018\/03\/airpods-3_0015_left0000.png\",\"contentUrl\":\"https:\/\/ilostmyearbud.com\/wp-content\/uploads\/2018\/03\/airpods-3_0015_left0000.png\",\"width\":1600,\"height\":1600},{\"@type\":\"BreadcrumbList\",\"@id\":\"https:\/\/ilostmyearbud.com\/fr\/produkt\/airpod-3-generation-gauche-unique-apple\/#breadcrumb\",\"itemListElement\":[{\"@type\":\"ListItem\",\"position\":1,\"name\":\"Home\",\"item\":\"https:\/\/ilostmyearbud.com\/fr\/\"},{\"@type\":\"ListItem\",\"position\":2,\"name\":\"Boutique\",\"item\":\"https:\/\/ilostmyearbud.com\/fr\/boutique-2\/\"},{\"@type\":\"ListItem\",\"position\":3,\"name\":\"AirPod 3\u00e8me g\u00e9n\u00e9ration gauche seul | Apple\"}]},{\"@type\":\"WebSite\",\"@id\":\"https:\/\/ilostmyearbud.com\/fr\/#website\",\"url\":\"https:\/\/ilostmyearbud.com\/fr\/\",\"name\":\"ilostmyearbud\",\"description\":\"Repariere, finde oder l\u00f6se verschiedene Probleme mit deinen Apple Airpods.\",\"potentialAction\":[{\"@type\":\"SearchAction\",\"target\":{\"@type\":\"EntryPoint\",\"urlTemplate\":\"https:\/\/ilostmyearbud.com\/fr\/?s={search_term_string}\"},\"query-input\":\"required name=search_term_string\"}],\"inLanguage\":\"fr-FR\"}]}<\/script>\n<!-- \/ Yoast SEO plugin. -->","yoast_head_json":{"title":"AirPod 3\u00e8me g\u00e9n\u00e9ration gauche seul | Apple - ilostmyearbud","description":"Tu cherches un nouvel AirPod 3 gauche ? Nouveau | Original | livraison rapide \u2192 pi\u00e8ces de rechange Airpod 3\u00e8me g\u00e9n\u00e9ration garanties \u2714 Regarde...","robots":{"index":"index","follow":"follow","max-snippet":"max-snippet:-1","max-image-preview":"max-image-preview:large","max-video-preview":"max-video-preview:-1"},"canonical":"https:\/\/ilostmyearbud.com\/fr\/produkt\/airpod-3-generation-gauche-unique-apple\/","og_locale":"fr_FR","og_type":"article","og_title":"AirPod 3\u00e8me g\u00e9n\u00e9ration gauche seul | Apple - ilostmyearbud","og_description":"Tu cherches un nouvel AirPod 3 gauche ? Nouveau | Original | livraison rapide \u2192 pi\u00e8ces de rechange Airpod 3\u00e8me g\u00e9n\u00e9ration garanties \u2714 Regarde...","og_url":"https:\/\/ilostmyearbud.com\/fr\/produkt\/airpod-3-generation-gauche-unique-apple\/","og_site_name":"ilostmyearbud","article_modified_time":"2023-05-24T12:49:49+00:00","og_image":[{"width":1600,"height":1600,"url":"https:\/\/ilostmyearbud.com\/wp-content\/uploads\/2018\/03\/airpods-3_0015_left0000.png","type":"image\/png"}],"twitter_card":"summary_large_image","twitter_misc":{"Dur\u00e9e de lecture estim\u00e9e":"1 minute"},"schema":{"@context":"https:\/\/schema.org","@graph":[{"@type":"WebPage","@id":"https:\/\/ilostmyearbud.com\/fr\/produkt\/airpod-3-generation-gauche-unique-apple\/","url":"https:\/\/ilostmyearbud.com\/fr\/produkt\/airpod-3-generation-gauche-unique-apple\/","name":"AirPod 3\u00e8me g\u00e9n\u00e9ration gauche seul | Apple - ilostmyearbud","isPartOf":{"@id":"https:\/\/ilostmyearbud.com\/fr\/#website"},"primaryImageOfPage":{"@id":"https:\/\/ilostmyearbud.com\/fr\/produkt\/airpod-3-generation-gauche-unique-apple\/#primaryimage"},"image":{"@id":"https:\/\/ilostmyearbud.com\/fr\/produkt\/airpod-3-generation-gauche-unique-apple\/#primaryimage"},"thumbnailUrl":"https:\/\/ilostmyearbud.com\/wp-content\/uploads\/2018\/03\/airpods-3_0015_left0000.png","datePublished":"2022-04-22T15:58:50+00:00","dateModified":"2023-05-24T12:49:49+00:00","description":"Tu cherches un nouvel AirPod 3 gauche ? Nouveau | Original | livraison rapide \u2192 pi\u00e8ces de rechange Airpod 3\u00e8me g\u00e9n\u00e9ration garanties \u2714 Regarde...","breadcrumb":{"@id":"https:\/\/ilostmyearbud.com\/fr\/produkt\/airpod-3-generation-gauche-unique-apple\/#breadcrumb"},"inLanguage":"fr-FR","potentialAction":[{"@type":"ReadAction","target":["https:\/\/ilostmyearbud.com\/fr\/produkt\/airpod-3-generation-gauche-unique-apple\/"]}]},{"@type":"ImageObject","inLanguage":"fr-FR","@id":"https:\/\/ilostmyearbud.com\/fr\/produkt\/airpod-3-generation-gauche-unique-apple\/#primaryimage","url":"https:\/\/ilostmyearbud.com\/wp-content\/uploads\/2018\/03\/airpods-3_0015_left0000.png","contentUrl":"https:\/\/ilostmyearbud.com\/wp-content\/uploads\/2018\/03\/airpods-3_0015_left0000.png","width":1600,"height":1600},{"@type":"BreadcrumbList","@id":"https:\/\/ilostmyearbud.com\/fr\/produkt\/airpod-3-generation-gauche-unique-apple\/#breadcrumb","itemListElement":[{"@type":"ListItem","position":1,"name":"Home","item":"https:\/\/ilostmyearbud.com\/fr\/"},{"@type":"ListItem","position":2,"name":"Boutique","item":"https:\/\/ilostmyearbud.com\/fr\/boutique-2\/"},{"@type":"ListItem","position":3,"name":"AirPod 3\u00e8me g\u00e9n\u00e9ration gauche seul | Apple"}]},{"@type":"WebSite","@id":"https:\/\/ilostmyearbud.com\/fr\/#website","url":"https:\/\/ilostmyearbud.com\/fr\/","name":"ilostmyearbud","description":"Repariere, finde oder l\u00f6se verschiedene Probleme mit deinen Apple Airpods.","potentialAction":[{"@type":"SearchAction","target":{"@type":"EntryPoint","urlTemplate":"https:\/\/ilostmyearbud.com\/fr\/?s={search_term_string}"},"query-input":"required name=search_term_string"}],"inLanguage":"fr-FR"}]}},"_links":{"self":[{"href":"https:\/\/ilostmyearbud.com\/fr\/wp-json\/wp\/v2\/product\/23887","targetHints":{"allow":["GET"]}}],"collection":[{"href":"https:\/\/ilostmyearbud.com\/fr\/wp-json\/wp\/v2\/product"}],"about":[{"href":"https:\/\/ilostmyearbud.com\/fr\/wp-json\/wp\/v2\/types\/product"}],"wp:featuredmedia":[{"embeddable":true,"href":"https:\/\/ilostmyearbud.com\/fr\/wp-json\/wp\/v2\/media\/25506"}],"wp:attachment":[{"href":"https:\/\/ilostmyearbud.com\/fr\/wp-json\/wp\/v2\/media?parent=23887"}],"wp:term":[{"taxonomy":"product_cat","embeddable":true,"href":"https:\/\/ilostmyearbud.com\/fr\/wp-json\/wp\/v2\/product_cat?post=23887"},{"taxonomy":"product_tag","embeddable":true,"href":"https:\/\/ilostmyearbud.com\/fr\/wp-json\/wp\/v2\/product_tag?post=23887"}],"curies":[{"name":"wp","href":"https:\/\/api.w.org\/{rel}","templated":true}]}}