{"id":15415,"date":"2021-11-02T12:56:18","date_gmt":"2021-11-02T11:56:18","guid":{"rendered":"https:\/\/ilostmyearbud.com\/acheter-des-airpods-pro-single\/"},"modified":"2022-10-07T11:52:35","modified_gmt":"2022-10-07T10:52:35","slug":"acheter-des-airpods-pro-single","status":"publish","type":"page","link":"https:\/\/ilostmyearbud.com\/fr\/acheter-des-airpods-pro-single\/","title":{"rendered":"Acheter des AirPods Pro Single"},"content":{"rendered":"\r\n<div class=\"container\">\r\n\t<div class=\"row\">\r\n\t\t<div class=\"col w-100 hp-divider hp-divider-- my-lg-1 my-md-1 my-1 my-sm-1\"><\/div>\r\n\t<\/div>\r\n<\/div>\r\n\n\n<div class=\"container about-us my-4\" id=\"\">\r\n    \r\n\t<div class=\"about-us-row\">\r\n        <h1 class=\"about-us-title mb-3 text-center\">Acheter des AirPods Pro Single<\/h1>\r\n\t\t<div class=\"hp-text-image col-12\">\r\n            <div class=\"row d-flex flex-row\">\r\n                                <div class=\"col-sm-12 col-md-6\">\r\n                        <figure class=\"hp-text-image__figure figure d-flex align-items-center justify-content-center\">\r\n                            <picture><source srcset=\"https:\/\/ilostmyearbud.com\/wp-content\/uploads\/2022\/03\/AirPodsProLinks-Seite-small4-300x300.png.webp 300w, https:\/\/ilostmyearbud.com\/wp-content\/uploads\/2022\/03\/AirPodsProLinks-Seite-small4-1024x1024.png.webp 1024w, https:\/\/ilostmyearbud.com\/wp-content\/uploads\/2022\/03\/AirPodsProLinks-Seite-small4-150x150.png.webp 150w, https:\/\/ilostmyearbud.com\/wp-content\/uploads\/2022\/03\/AirPodsProLinks-Seite-small4-768x768.png.webp 768w, https:\/\/ilostmyearbud.com\/wp-content\/uploads\/2022\/03\/AirPodsProLinks-Seite-small4-1536x1536.png.webp 1536w, https:\/\/ilostmyearbud.com\/wp-content\/uploads\/2022\/03\/AirPodsProLinks-Seite-small4-600x600.png.webp 600w, https:\/\/ilostmyearbud.com\/wp-content\/uploads\/2022\/03\/AirPodsProLinks-Seite-small4-100x100.png.webp 100w\" sizes=\"100vw\" type=\"image\/webp\"><img decoding=\"async\" class=\"hp-text-image__image img-fluid webpexpress-processed\" src=\"https:\/\/ilostmyearbud.com\/wp-content\/uploads\/2022\/03\/AirPodsProLinks-Seite-small4-1024x1024.png\" srcset=\"https:\/\/ilostmyearbud.com\/wp-content\/uploads\/2022\/03\/AirPodsProLinks-Seite-small4.png 1600w, https:\/\/ilostmyearbud.com\/wp-content\/uploads\/2022\/03\/AirPodsProLinks-Seite-small4-300x300.png 300w, https:\/\/ilostmyearbud.com\/wp-content\/uploads\/2022\/03\/AirPodsProLinks-Seite-small4-1024x1024.png 1024w, https:\/\/ilostmyearbud.com\/wp-content\/uploads\/2022\/03\/AirPodsProLinks-Seite-small4-150x150.png 150w, https:\/\/ilostmyearbud.com\/wp-content\/uploads\/2022\/03\/AirPodsProLinks-Seite-small4-768x768.png 768w, https:\/\/ilostmyearbud.com\/wp-content\/uploads\/2022\/03\/AirPodsProLinks-Seite-small4-1536x1536.png 1536w, https:\/\/ilostmyearbud.com\/wp-content\/uploads\/2022\/03\/AirPodsProLinks-Seite-small4-600x600.png 600w, https:\/\/ilostmyearbud.com\/wp-content\/uploads\/2022\/03\/AirPodsProLinks-Seite-small4-100x100.png 100w\" sizes=\"100vw\" alt=\"\"><\/picture>\r\n                        <\/figure>\r\n                    <\/div>\r\n                                        <div class=\"col-sm-12 col-md-6\">\r\n                        <div class=\"hp-text-image__content\">\r\n                            <p>Vous souhaitez remplacer un seul AirPod Pro et vous n&#8217;\u00eates pas s\u00fbr que cela soit possible.<\/p>\n<p>Les AirPods peuvent \u00e9galement \u00eatre achet\u00e9s s\u00e9par\u00e9ment, puis connect\u00e9s \u00e0 un ensemble existant. L&#8217;avantage est que si vous perdez un AirPod Pro, vous n&#8217;avez pas besoin d&#8217;acheter un nouveau jeu complet. C&#8217;est facile pour le porte-monnaie et l&#8217;environnement. Nous vous enverrons un guide de r\u00e9initialisation lorsque vous ach\u00e8terez un seul AirPods Pro, afin que vous puissiez utiliser les nouveaux \u00e9couteurs avec votre ancien jeu sans probl\u00e8me. Retrouvez nos pros de l&#8217;AirPod ci-dessous.<\/p>\n                        <\/div>\r\n                    <\/div>\r\n                                <\/div>\r\n        <\/div>\r\n    <\/div>\r\n<\/div>\n\n\n<div class=\"pt-50 pb-20\">            <div class=\"container\">\n                <h2 class=\"my-4 hp-l-heading hp-teaser__heading\">Acheter des AirPods Pro Single<\/h2>\n                <div class=\"row hp-teaser__products-row\">\n                <div class=\" hp-teaser__col hp-teaser--product-wrapper\">\r\n    <a class=\"hp-teaser card hp-teaser--product\" href=\"https:\/\/ilostmyearbud.com\/fr\/produkt\/apple-airpods-pro-links-replacement-oreille-seulement-liens-airpod-pro-single\/\" aria-label=\"Acheter des AirPods Pro Single\">\r\n        <picture><source srcset=\"https:\/\/ilostmyearbud.com\/wp-content\/uploads\/2022\/03\/AirPodsProLinks-Vorne-small-300x300.png.webp 300w, https:\/\/ilostmyearbud.com\/wp-content\/uploads\/2022\/03\/AirPodsProLinks-Vorne-small-1024x1024.png.webp 1024w, https:\/\/ilostmyearbud.com\/wp-content\/uploads\/2022\/03\/AirPodsProLinks-Vorne-small-150x150.png.webp 150w, https:\/\/ilostmyearbud.com\/wp-content\/uploads\/2022\/03\/AirPodsProLinks-Vorne-small-768x768.png.webp 768w, https:\/\/ilostmyearbud.com\/wp-content\/uploads\/2022\/03\/AirPodsProLinks-Vorne-small-1536x1536.png.webp 1536w, https:\/\/ilostmyearbud.com\/wp-content\/uploads\/2022\/03\/AirPodsProLinks-Vorne-small-600x600.png.webp 600w, https:\/\/ilostmyearbud.com\/wp-content\/uploads\/2022\/03\/AirPodsProLinks-Vorne-small-100x100.png.webp 100w\" sizes=\"100vw\" type=\"image\/webp\"><img decoding=\"async\" class=\"hp-teaser__image card-img-top img-fluid webpexpress-processed\" src=\"https:\/\/ilostmyearbud.com\/wp-content\/uploads\/2022\/03\/AirPodsProLinks-Vorne-small-1024x1024.png\" srcset=\"https:\/\/ilostmyearbud.com\/wp-content\/uploads\/2022\/03\/AirPodsProLinks-Vorne-small.png 1600w, https:\/\/ilostmyearbud.com\/wp-content\/uploads\/2022\/03\/AirPodsProLinks-Vorne-small-300x300.png 300w, https:\/\/ilostmyearbud.com\/wp-content\/uploads\/2022\/03\/AirPodsProLinks-Vorne-small-1024x1024.png 1024w, https:\/\/ilostmyearbud.com\/wp-content\/uploads\/2022\/03\/AirPodsProLinks-Vorne-small-150x150.png 150w, https:\/\/ilostmyearbud.com\/wp-content\/uploads\/2022\/03\/AirPodsProLinks-Vorne-small-768x768.png 768w, https:\/\/ilostmyearbud.com\/wp-content\/uploads\/2022\/03\/AirPodsProLinks-Vorne-small-1536x1536.png 1536w, https:\/\/ilostmyearbud.com\/wp-content\/uploads\/2022\/03\/AirPodsProLinks-Vorne-small-600x600.png 600w, https:\/\/ilostmyearbud.com\/wp-content\/uploads\/2022\/03\/AirPodsProLinks-Vorne-small-100x100.png 100w\" sizes=\"100vw\" alt=\"\"><\/picture>\r\n        <div class=\"card-body\">\r\n                        <h3 class=\"card-title hp-xxs-heading\">\r\n                \u00c9couteur gauche Apple de rechange pour AirPods Pro \/ Oreillette gauche seule tout nouveau \r\n            <\/h3>\r\n                    <\/div>\r\n        \r\n                    \r\n        \r\n        <div class=\"prices__wrap\">\r\n            <span class=\"woocommerce-Price-amount amount\"><bdi>44,90<span class=\"woocommerce-Price-currencySymbol\">&euro;<\/span><\/bdi><\/span><p class=\"tax\">Navire exon\u00e9r\u00e9 | plus 3,80\u20ac de frais de port<\/p>\t    <\/div>\r\n    <\/a>\r\n<\/div><div class=\" hp-teaser__col hp-teaser--product-wrapper\">\r\n    <a class=\"hp-teaser card hp-teaser--product\" href=\"https:\/\/ilostmyearbud.com\/fr\/produkt\/apple-airpods-droit-de-remplacement-de-loreille-2-gen-only-airpod-2-single-copy\/\" aria-label=\"Acheter des AirPods Pro Single\">\r\n        <picture><source srcset=\"https:\/\/ilostmyearbud.com\/wp-content\/uploads\/2022\/03\/AirPodsProRechts-Vorne-1-300x300.png.webp 300w, https:\/\/ilostmyearbud.com\/wp-content\/uploads\/2022\/03\/AirPodsProRechts-Vorne-1-1024x1024.png.webp 1024w, https:\/\/ilostmyearbud.com\/wp-content\/uploads\/2022\/03\/AirPodsProRechts-Vorne-1-150x150.png.webp 150w, https:\/\/ilostmyearbud.com\/wp-content\/uploads\/2022\/03\/AirPodsProRechts-Vorne-1-768x768.png.webp 768w, https:\/\/ilostmyearbud.com\/wp-content\/uploads\/2022\/03\/AirPodsProRechts-Vorne-1-1536x1536.png.webp 1536w, https:\/\/ilostmyearbud.com\/wp-content\/uploads\/2022\/03\/AirPodsProRechts-Vorne-1-600x600.png.webp 600w, https:\/\/ilostmyearbud.com\/wp-content\/uploads\/2022\/03\/AirPodsProRechts-Vorne-1-100x100.png.webp 100w\" sizes=\"100vw\" type=\"image\/webp\"><img decoding=\"async\" class=\"hp-teaser__image card-img-top img-fluid webpexpress-processed\" src=\"https:\/\/ilostmyearbud.com\/wp-content\/uploads\/2022\/03\/AirPodsProRechts-Vorne-1-1024x1024.png\" srcset=\"https:\/\/ilostmyearbud.com\/wp-content\/uploads\/2022\/03\/AirPodsProRechts-Vorne-1.png 1600w, https:\/\/ilostmyearbud.com\/wp-content\/uploads\/2022\/03\/AirPodsProRechts-Vorne-1-300x300.png 300w, https:\/\/ilostmyearbud.com\/wp-content\/uploads\/2022\/03\/AirPodsProRechts-Vorne-1-1024x1024.png 1024w, https:\/\/ilostmyearbud.com\/wp-content\/uploads\/2022\/03\/AirPodsProRechts-Vorne-1-150x150.png 150w, https:\/\/ilostmyearbud.com\/wp-content\/uploads\/2022\/03\/AirPodsProRechts-Vorne-1-768x768.png 768w, https:\/\/ilostmyearbud.com\/wp-content\/uploads\/2022\/03\/AirPodsProRechts-Vorne-1-1536x1536.png 1536w, https:\/\/ilostmyearbud.com\/wp-content\/uploads\/2022\/03\/AirPodsProRechts-Vorne-1-600x600.png 600w, https:\/\/ilostmyearbud.com\/wp-content\/uploads\/2022\/03\/AirPodsProRechts-Vorne-1-100x100.png 100w\" sizes=\"100vw\" alt=\"\"><\/picture>\r\n        <div class=\"card-body\">\r\n                        <h3 class=\"card-title hp-xxs-heading\">\r\n                \u00c9couteur droit Apple de rechange pour AirPods Pro \/ Oreillette droit seule \r\n            <\/h3>\r\n                    <\/div>\r\n        \r\n                    \r\n        \r\n        <div class=\"prices__wrap\">\r\n            <span class=\"woocommerce-Price-amount amount\"><bdi>54,90<span class=\"woocommerce-Price-currencySymbol\">&euro;<\/span><\/bdi><\/span><p class=\"tax\">Navire exon\u00e9r\u00e9 | plus 3,80\u20ac de frais de port<\/p>\t    <\/div>\r\n    <\/a>\r\n<\/div>            <\/div>\n        <\/div>\n        \n        <\/div>","protected":false},"excerpt":{"rendered":"","protected":false},"author":254,"featured_media":0,"parent":0,"menu_order":0,"comment_status":"closed","ping_status":"closed","template":"","meta":{"_acf_changed":false,"footnotes":""},"class_list":["post-15415","page","type-page","status-publish","hentry"],"acf":[],"yoast_head":"<!-- This site is optimized with the Yoast SEO plugin v23.3 - https:\/\/yoast.com\/wordpress\/plugins\/seo\/ -->\n<title>Acheter des AirPods Pro Single - ilostmyearbud<\/title>\n<meta name=\"robots\" content=\"index, follow, max-snippet:-1, max-image-preview:large, max-video-preview:-1\" \/>\n<link rel=\"canonical\" href=\"https:\/\/ilostmyearbud.com\/fr\/acheter-des-airpods-pro-single\/\" \/>\n<meta property=\"og:locale\" content=\"fr_FR\" \/>\n<meta property=\"og:type\" content=\"article\" \/>\n<meta property=\"og:title\" content=\"Acheter des AirPods Pro Single - ilostmyearbud\" \/>\n<meta property=\"og:url\" content=\"https:\/\/ilostmyearbud.com\/fr\/acheter-des-airpods-pro-single\/\" \/>\n<meta property=\"og:site_name\" content=\"ilostmyearbud\" \/>\n<meta property=\"article:modified_time\" content=\"2022-10-07T10:52:35+00:00\" \/>\n<meta name=\"twitter:card\" content=\"summary_large_image\" \/>\n<script type=\"application\/ld+json\" class=\"yoast-schema-graph\">{\"@context\":\"https:\/\/schema.org\",\"@graph\":[{\"@type\":\"WebPage\",\"@id\":\"https:\/\/ilostmyearbud.com\/fr\/acheter-des-airpods-pro-single\/\",\"url\":\"https:\/\/ilostmyearbud.com\/fr\/acheter-des-airpods-pro-single\/\",\"name\":\"Acheter des AirPods Pro Single - ilostmyearbud\",\"isPartOf\":{\"@id\":\"https:\/\/ilostmyearbud.com\/fr\/#website\"},\"datePublished\":\"2021-11-02T11:56:18+00:00\",\"dateModified\":\"2022-10-07T10:52:35+00:00\",\"breadcrumb\":{\"@id\":\"https:\/\/ilostmyearbud.com\/fr\/acheter-des-airpods-pro-single\/#breadcrumb\"},\"inLanguage\":\"fr-FR\",\"potentialAction\":[{\"@type\":\"ReadAction\",\"target\":[\"https:\/\/ilostmyearbud.com\/fr\/acheter-des-airpods-pro-single\/\"]}]},{\"@type\":\"BreadcrumbList\",\"@id\":\"https:\/\/ilostmyearbud.com\/fr\/acheter-des-airpods-pro-single\/#breadcrumb\",\"itemListElement\":[{\"@type\":\"ListItem\",\"position\":1,\"name\":\"Home\",\"item\":\"https:\/\/ilostmyearbud.com\/fr\/\"},{\"@type\":\"ListItem\",\"position\":2,\"name\":\"Acheter des AirPods Pro Single\"}]},{\"@type\":\"WebSite\",\"@id\":\"https:\/\/ilostmyearbud.com\/fr\/#website\",\"url\":\"https:\/\/ilostmyearbud.com\/fr\/\",\"name\":\"ilostmyearbud\",\"description\":\"Repariere, finde oder l\u00f6se verschiedene Probleme mit deinen Apple Airpods.\",\"potentialAction\":[{\"@type\":\"SearchAction\",\"target\":{\"@type\":\"EntryPoint\",\"urlTemplate\":\"https:\/\/ilostmyearbud.com\/fr\/?s={search_term_string}\"},\"query-input\":\"required name=search_term_string\"}],\"inLanguage\":\"fr-FR\"}]}<\/script>\n<!-- \/ Yoast SEO plugin. -->","yoast_head_json":{"title":"Acheter des AirPods Pro Single - ilostmyearbud","robots":{"index":"index","follow":"follow","max-snippet":"max-snippet:-1","max-image-preview":"max-image-preview:large","max-video-preview":"max-video-preview:-1"},"canonical":"https:\/\/ilostmyearbud.com\/fr\/acheter-des-airpods-pro-single\/","og_locale":"fr_FR","og_type":"article","og_title":"Acheter des AirPods Pro Single - ilostmyearbud","og_url":"https:\/\/ilostmyearbud.com\/fr\/acheter-des-airpods-pro-single\/","og_site_name":"ilostmyearbud","article_modified_time":"2022-10-07T10:52:35+00:00","twitter_card":"summary_large_image","schema":{"@context":"https:\/\/schema.org","@graph":[{"@type":"WebPage","@id":"https:\/\/ilostmyearbud.com\/fr\/acheter-des-airpods-pro-single\/","url":"https:\/\/ilostmyearbud.com\/fr\/acheter-des-airpods-pro-single\/","name":"Acheter des AirPods Pro Single - ilostmyearbud","isPartOf":{"@id":"https:\/\/ilostmyearbud.com\/fr\/#website"},"datePublished":"2021-11-02T11:56:18+00:00","dateModified":"2022-10-07T10:52:35+00:00","breadcrumb":{"@id":"https:\/\/ilostmyearbud.com\/fr\/acheter-des-airpods-pro-single\/#breadcrumb"},"inLanguage":"fr-FR","potentialAction":[{"@type":"ReadAction","target":["https:\/\/ilostmyearbud.com\/fr\/acheter-des-airpods-pro-single\/"]}]},{"@type":"BreadcrumbList","@id":"https:\/\/ilostmyearbud.com\/fr\/acheter-des-airpods-pro-single\/#breadcrumb","itemListElement":[{"@type":"ListItem","position":1,"name":"Home","item":"https:\/\/ilostmyearbud.com\/fr\/"},{"@type":"ListItem","position":2,"name":"Acheter des AirPods Pro Single"}]},{"@type":"WebSite","@id":"https:\/\/ilostmyearbud.com\/fr\/#website","url":"https:\/\/ilostmyearbud.com\/fr\/","name":"ilostmyearbud","description":"Repariere, finde oder l\u00f6se verschiedene Probleme mit deinen Apple Airpods.","potentialAction":[{"@type":"SearchAction","target":{"@type":"EntryPoint","urlTemplate":"https:\/\/ilostmyearbud.com\/fr\/?s={search_term_string}"},"query-input":"required name=search_term_string"}],"inLanguage":"fr-FR"}]}},"_links":{"self":[{"href":"https:\/\/ilostmyearbud.com\/fr\/wp-json\/wp\/v2\/pages\/15415","targetHints":{"allow":["GET"]}}],"collection":[{"href":"https:\/\/ilostmyearbud.com\/fr\/wp-json\/wp\/v2\/pages"}],"about":[{"href":"https:\/\/ilostmyearbud.com\/fr\/wp-json\/wp\/v2\/types\/page"}],"author":[{"embeddable":true,"href":"https:\/\/ilostmyearbud.com\/fr\/wp-json\/wp\/v2\/users\/254"}],"replies":[{"embeddable":true,"href":"https:\/\/ilostmyearbud.com\/fr\/wp-json\/wp\/v2\/comments?post=15415"}],"version-history":[{"count":9,"href":"https:\/\/ilostmyearbud.com\/fr\/wp-json\/wp\/v2\/pages\/15415\/revisions"}],"predecessor-version":[{"id":27853,"href":"https:\/\/ilostmyearbud.com\/fr\/wp-json\/wp\/v2\/pages\/15415\/revisions\/27853"}],"wp:attachment":[{"href":"https:\/\/ilostmyearbud.com\/fr\/wp-json\/wp\/v2\/media?parent=15415"}],"curies":[{"name":"wp","href":"https:\/\/api.w.org\/{rel}","templated":true}]}}