{"id":11633,"date":"2021-08-26T08:13:15","date_gmt":"2021-08-26T07:13:15","guid":{"rendered":"https:\/\/ilostmyearbud.com\/reparer-les-airpods\/"},"modified":"2021-08-26T08:13:16","modified_gmt":"2021-08-26T07:13:16","slug":"reparer-les-airpods","status":"publish","type":"page","link":"https:\/\/ilostmyearbud.com\/fr\/guide\/reparer-les-airpods\/","title":{"rendered":"R\u00e9parer les Airpods"},"content":{"rendered":"\n<p><\/p>\n    <div class=\"hp-paragraph container\"><h2>Comment r\u00e9parer ou remplacer des AirPods d\u00e9fectueux ?<\/h2>\n<p>Vous avez des probl\u00e8mes avec un bouchon d&#8217;oreille ou le bo\u00eetier de chargement ? Voici les meilleures fa\u00e7ons de r\u00e9parer &#8211; ou de remplacer &#8211; vos AirPods.<\/p>\n<p>Les AirPods d&#8217;Apple sont les meilleurs \u00e9couteurs sans fil du march\u00e9. Mais en raison de leur petite taille et de leur \u00e9lectronique complexe, ils sont vuln\u00e9rables \u00e0 la perte ou aux dommages occasionnels. Si vous avez du mal \u00e0 utiliser correctement vos AirPods, voici les meilleures fa\u00e7ons de r\u00e9parer &#8211; et dans le pire des cas, de remplacer &#8211; vos AirPods ador\u00e9s.<\/p>\n<h2>Comment r\u00e9initialiser ou reconnecter vos AirPods ?<\/h2>\n<p>Vous voyez des lumi\u00e8res \u00e9tranges dans le bo\u00eetier de chargement, des informations incorrectes sur la batterie ou vos AirPods ne s&#8217;allument tout simplement pas ? Voici quelques-uns des probl\u00e8mes de base que vous pouvez rencontrer et comment les r\u00e9soudre.<\/p>\n<p><a href=\"https:\/\/ilostmyearbud.com\/ratgeber\/airpods-reparieren\/airpods-zuruecksetzen\/\">Comment r\u00e9initialiser vos AirPods<\/a><\/p>\n<h2>Nettoyez vos AirPods<\/h2>\n<p>Nous devons vivre avec : la salet\u00e9, la poussi\u00e8re, les peluches, la crasse, le c\u00e9rumen et bien d&#8217;autres choses encore se retrouvent constamment sur &#8211; ou dans &#8211; vos AirPods. Si votre \u00e9couteur est trop sale, la qualit\u00e9 du son peut se d\u00e9grader ou les \u00e9couteurs peuvent ne pas se charger. Pour r\u00e9soudre ces probl\u00e8mes, vous pouvez nettoyer vos AirPods en quelques \u00e9tapes simples.<\/p>\n<p><a href=\"https:\/\/ilostmyearbud.com\/ratgeber\/airpods-reparieren\/airpods-und-ladecase-reinigen\/\">Comment nettoyer vos AirPods<\/a><\/p>\n<\/div>\r\n","protected":false},"excerpt":{"rendered":"","protected":false},"author":1,"featured_media":0,"parent":11648,"menu_order":0,"comment_status":"closed","ping_status":"closed","template":"page-templates\/template-text-page.php","meta":{"_acf_changed":false,"footnotes":""},"class_list":["post-11633","page","type-page","status-publish","hentry"],"acf":[],"yoast_head":"<!-- This site is optimized with the Yoast SEO plugin v23.3 - https:\/\/yoast.com\/wordpress\/plugins\/seo\/ -->\n<title>R\u00e9parer les Airpods - ilostmyearbud<\/title>\n<meta name=\"robots\" content=\"index, follow, max-snippet:-1, max-image-preview:large, max-video-preview:-1\" \/>\n<link rel=\"canonical\" href=\"https:\/\/ilostmyearbud.com\/fr\/guide\/reparer-les-airpods\/\" \/>\n<meta property=\"og:locale\" content=\"fr_FR\" \/>\n<meta property=\"og:type\" content=\"article\" \/>\n<meta property=\"og:title\" content=\"R\u00e9parer les Airpods - ilostmyearbud\" \/>\n<meta property=\"og:url\" content=\"https:\/\/ilostmyearbud.com\/fr\/guide\/reparer-les-airpods\/\" \/>\n<meta property=\"og:site_name\" content=\"ilostmyearbud\" \/>\n<meta property=\"article:modified_time\" content=\"2021-08-26T07:13:16+00:00\" \/>\n<meta name=\"twitter:card\" content=\"summary_large_image\" \/>\n<script type=\"application\/ld+json\" class=\"yoast-schema-graph\">{\"@context\":\"https:\/\/schema.org\",\"@graph\":[{\"@type\":\"WebPage\",\"@id\":\"https:\/\/ilostmyearbud.com\/fr\/guide\/reparer-les-airpods\/\",\"url\":\"https:\/\/ilostmyearbud.com\/fr\/guide\/reparer-les-airpods\/\",\"name\":\"R\u00e9parer les Airpods - ilostmyearbud\",\"isPartOf\":{\"@id\":\"https:\/\/ilostmyearbud.com\/fr\/#website\"},\"datePublished\":\"2021-08-26T07:13:15+00:00\",\"dateModified\":\"2021-08-26T07:13:16+00:00\",\"breadcrumb\":{\"@id\":\"https:\/\/ilostmyearbud.com\/fr\/guide\/reparer-les-airpods\/#breadcrumb\"},\"inLanguage\":\"fr-FR\",\"potentialAction\":[{\"@type\":\"ReadAction\",\"target\":[\"https:\/\/ilostmyearbud.com\/fr\/guide\/reparer-les-airpods\/\"]}]},{\"@type\":\"BreadcrumbList\",\"@id\":\"https:\/\/ilostmyearbud.com\/fr\/guide\/reparer-les-airpods\/#breadcrumb\",\"itemListElement\":[{\"@type\":\"ListItem\",\"position\":1,\"name\":\"Home\",\"item\":\"https:\/\/ilostmyearbud.com\/fr\/\"},{\"@type\":\"ListItem\",\"position\":2,\"name\":\"Guide\",\"item\":\"https:\/\/ilostmyearbud.com\/fr\/guide\/\"},{\"@type\":\"ListItem\",\"position\":3,\"name\":\"R\u00e9parer les Airpods\"}]},{\"@type\":\"WebSite\",\"@id\":\"https:\/\/ilostmyearbud.com\/fr\/#website\",\"url\":\"https:\/\/ilostmyearbud.com\/fr\/\",\"name\":\"ilostmyearbud\",\"description\":\"Repariere, finde oder l\u00f6se verschiedene Probleme mit deinen Apple Airpods.\",\"potentialAction\":[{\"@type\":\"SearchAction\",\"target\":{\"@type\":\"EntryPoint\",\"urlTemplate\":\"https:\/\/ilostmyearbud.com\/fr\/?s={search_term_string}\"},\"query-input\":\"required name=search_term_string\"}],\"inLanguage\":\"fr-FR\"}]}<\/script>\n<!-- \/ Yoast SEO plugin. -->","yoast_head_json":{"title":"R\u00e9parer les Airpods - ilostmyearbud","robots":{"index":"index","follow":"follow","max-snippet":"max-snippet:-1","max-image-preview":"max-image-preview:large","max-video-preview":"max-video-preview:-1"},"canonical":"https:\/\/ilostmyearbud.com\/fr\/guide\/reparer-les-airpods\/","og_locale":"fr_FR","og_type":"article","og_title":"R\u00e9parer les Airpods - ilostmyearbud","og_url":"https:\/\/ilostmyearbud.com\/fr\/guide\/reparer-les-airpods\/","og_site_name":"ilostmyearbud","article_modified_time":"2021-08-26T07:13:16+00:00","twitter_card":"summary_large_image","schema":{"@context":"https:\/\/schema.org","@graph":[{"@type":"WebPage","@id":"https:\/\/ilostmyearbud.com\/fr\/guide\/reparer-les-airpods\/","url":"https:\/\/ilostmyearbud.com\/fr\/guide\/reparer-les-airpods\/","name":"R\u00e9parer les Airpods - ilostmyearbud","isPartOf":{"@id":"https:\/\/ilostmyearbud.com\/fr\/#website"},"datePublished":"2021-08-26T07:13:15+00:00","dateModified":"2021-08-26T07:13:16+00:00","breadcrumb":{"@id":"https:\/\/ilostmyearbud.com\/fr\/guide\/reparer-les-airpods\/#breadcrumb"},"inLanguage":"fr-FR","potentialAction":[{"@type":"ReadAction","target":["https:\/\/ilostmyearbud.com\/fr\/guide\/reparer-les-airpods\/"]}]},{"@type":"BreadcrumbList","@id":"https:\/\/ilostmyearbud.com\/fr\/guide\/reparer-les-airpods\/#breadcrumb","itemListElement":[{"@type":"ListItem","position":1,"name":"Home","item":"https:\/\/ilostmyearbud.com\/fr\/"},{"@type":"ListItem","position":2,"name":"Guide","item":"https:\/\/ilostmyearbud.com\/fr\/guide\/"},{"@type":"ListItem","position":3,"name":"R\u00e9parer les Airpods"}]},{"@type":"WebSite","@id":"https:\/\/ilostmyearbud.com\/fr\/#website","url":"https:\/\/ilostmyearbud.com\/fr\/","name":"ilostmyearbud","description":"Repariere, finde oder l\u00f6se verschiedene Probleme mit deinen Apple Airpods.","potentialAction":[{"@type":"SearchAction","target":{"@type":"EntryPoint","urlTemplate":"https:\/\/ilostmyearbud.com\/fr\/?s={search_term_string}"},"query-input":"required name=search_term_string"}],"inLanguage":"fr-FR"}]}},"_links":{"self":[{"href":"https:\/\/ilostmyearbud.com\/fr\/wp-json\/wp\/v2\/pages\/11633","targetHints":{"allow":["GET"]}}],"collection":[{"href":"https:\/\/ilostmyearbud.com\/fr\/wp-json\/wp\/v2\/pages"}],"about":[{"href":"https:\/\/ilostmyearbud.com\/fr\/wp-json\/wp\/v2\/types\/page"}],"author":[{"embeddable":true,"href":"https:\/\/ilostmyearbud.com\/fr\/wp-json\/wp\/v2\/users\/1"}],"replies":[{"embeddable":true,"href":"https:\/\/ilostmyearbud.com\/fr\/wp-json\/wp\/v2\/comments?post=11633"}],"version-history":[{"count":1,"href":"https:\/\/ilostmyearbud.com\/fr\/wp-json\/wp\/v2\/pages\/11633\/revisions"}],"predecessor-version":[{"id":11635,"href":"https:\/\/ilostmyearbud.com\/fr\/wp-json\/wp\/v2\/pages\/11633\/revisions\/11635"}],"up":[{"embeddable":true,"href":"https:\/\/ilostmyearbud.com\/fr\/wp-json\/wp\/v2\/pages\/11648"}],"wp:attachment":[{"href":"https:\/\/ilostmyearbud.com\/fr\/wp-json\/wp\/v2\/media?parent=11633"}],"curies":[{"name":"wp","href":"https:\/\/api.w.org\/{rel}","templated":true}]}}