{"id":10135,"date":"2021-08-20T16:14:14","date_gmt":"2021-08-20T15:14:14","guid":{"rendered":"https:\/\/ilostmyearbud.com\/ilostmyearbud-com\/"},"modified":"2021-09-23T14:51:36","modified_gmt":"2021-09-23T13:51:36","slug":"ilostmyearbud-com","status":"publish","type":"page","link":"https:\/\/ilostmyearbud.com\/fr\/ilostmyearbud-com\/","title":{"rendered":"IlostMyEarbud.com"},"content":{"rendered":"<div class=\"container about-us my-4\" id=\"\">\r\n    \r\n\t<div class=\"about-us-row\">\r\n        <h1 class=\"about-us-title mb-3 text-left\"><\/h1>\r\n\t\t<div class=\"hp-text-image col-12\">\r\n            <div class=\"row d-flex flex-column align-items-center\">\r\n                                <div class=\"col-12\">\r\n                        <div class=\"hp-text-image__content\">\r\n                            <p>En tant qu&#8217;utilisateurs assidus, nous pouvons difficilement nous passer de nos Airpods d&#8217;Apple dans nos vies. Uli, le fondateur de IlostMyEarbud.com, promenait un jour son chien pr\u00e8s de son appartement \u00e0 Munich, le long de la rivi\u00e8re Isar, lorsqu&#8217;un des \u00e9couteurs est accidentellement tomb\u00e9 de son oreille. Au moment o\u00f9 il s&#8217;est retourn\u00e9 pour le ramasser, il a entendu un l\u00e9ger craquement. Il a remarqu\u00e9 qu&#8217;un passant marchant juste derri\u00e8re lui avait accidentellement march\u00e9 sur l&#8217;a\u00e9ropode tomb\u00e9. Il avait une fissure dans le bo\u00eetier et un test rapide a confirm\u00e9 la crainte que l&#8217;Airpod ne fonctionne plus.<\/p>\n<p>\u00c0 premi\u00e8re vue, il s&#8217;est senti oblig\u00e9 de se d\u00e9barrasser de ses Airpods ador\u00e9s et de les remplacer par un nouvel ensemble. Cependant, il ne voulait pas simplement accepter cela. Il a donc commenc\u00e9 \u00e0 s&#8217;informer intensivement sur les Airpods et les possibilit\u00e9s de r\u00e9paration. L&#8217;\u00e9tude a confirm\u00e9 que les Airpods d&#8217;Apple sont vraiment un excellent produit et qu&#8217;il existe peu d&#8217;offres comparables sur le march\u00e9 en termes de performances et de prix. Dans le m\u00eame temps, il est toutefois apparu que divers probl\u00e8mes peuvent n\u00e9anmoins se poser et que la solution n&#8217;est pas toujours \u00e9vidente.<\/p>\n<p>Apr\u00e8s avoir examin\u00e9 la question plus en d\u00e9tail, il s&#8217;est rendu compte que des amis et des connaissances se retrouvaient r\u00e9guli\u00e8rement dans des situations probl\u00e9matiques similaires. Gr\u00e2ce aux connaissances sp\u00e9cialis\u00e9es qu&#8217;il a acquises, il a pu aider la plupart d&#8217;entre eux &#8211; souvent gr\u00e2ce \u00e0 des astuces simples qui ne co\u00fbtent rien. Dans les rares cas o\u00f9 des pi\u00e8ces de rechange \u00e9taient effectivement n\u00e9cessaires, elles pouvaient \u00eatre achet\u00e9es \u00e0 un prix plus avantageux qu&#8217;aupr\u00e8s d&#8217;Apple Service en les achetant ensemble et en divisant ensuite un jeu complet.<\/p>\n<p>Cela a jet\u00e9 les bases du portail en ligne IlostMyEarbud.com. Les utilisateurs peuvent obtenir des informations compl\u00e8tes sur les diff\u00e9rents types de d\u00e9fis et de probl\u00e8mes rencontr\u00e9s avec leurs Airpods. Des informations d\u00e9taill\u00e9es, des conseils, des options de diagnostic et des instructions \u00e9tape par \u00e9tape sont disponibles gratuitement et publiquement. En outre, nous proposons des pi\u00e8ces de rechange d&#8217;origine que nous achetons et reconditionnons par lots. Et \u00e0 des prix nettement inf\u00e9rieurs \u00e0 ceux propos\u00e9s par Apple Service et d&#8217;autres revendeurs agr\u00e9\u00e9s.<\/p>\n                        <\/div>\r\n                    <\/div>\r\n                                <\/div>\r\n        <\/div>\r\n    <\/div>\r\n<\/div>","protected":false},"excerpt":{"rendered":"","protected":false},"author":1,"featured_media":0,"parent":0,"menu_order":0,"comment_status":"closed","ping_status":"closed","template":"page-templates\/template-text-page.php","meta":{"_acf_changed":false,"footnotes":""},"class_list":["post-10135","page","type-page","status-publish","hentry"],"acf":[],"yoast_head":"<!-- This site is optimized with the Yoast SEO plugin v23.3 - https:\/\/yoast.com\/wordpress\/plugins\/seo\/ -->\n<title>IlostMyEarbud.com - ilostmyearbud<\/title>\n<meta name=\"robots\" content=\"index, follow, max-snippet:-1, max-image-preview:large, max-video-preview:-1\" \/>\n<link rel=\"canonical\" href=\"https:\/\/ilostmyearbud.com\/fr\/ilostmyearbud-com\/\" \/>\n<meta property=\"og:locale\" content=\"fr_FR\" \/>\n<meta property=\"og:type\" content=\"article\" \/>\n<meta property=\"og:title\" content=\"IlostMyEarbud.com - ilostmyearbud\" \/>\n<meta property=\"og:url\" content=\"https:\/\/ilostmyearbud.com\/fr\/ilostmyearbud-com\/\" \/>\n<meta property=\"og:site_name\" content=\"ilostmyearbud\" \/>\n<meta property=\"article:modified_time\" content=\"2021-09-23T13:51:36+00:00\" \/>\n<meta name=\"twitter:card\" content=\"summary_large_image\" \/>\n<script type=\"application\/ld+json\" class=\"yoast-schema-graph\">{\"@context\":\"https:\/\/schema.org\",\"@graph\":[{\"@type\":\"WebPage\",\"@id\":\"https:\/\/ilostmyearbud.com\/fr\/ilostmyearbud-com\/\",\"url\":\"https:\/\/ilostmyearbud.com\/fr\/ilostmyearbud-com\/\",\"name\":\"IlostMyEarbud.com - ilostmyearbud\",\"isPartOf\":{\"@id\":\"https:\/\/ilostmyearbud.com\/fr\/#website\"},\"datePublished\":\"2021-08-20T15:14:14+00:00\",\"dateModified\":\"2021-09-23T13:51:36+00:00\",\"breadcrumb\":{\"@id\":\"https:\/\/ilostmyearbud.com\/fr\/ilostmyearbud-com\/#breadcrumb\"},\"inLanguage\":\"fr-FR\",\"potentialAction\":[{\"@type\":\"ReadAction\",\"target\":[\"https:\/\/ilostmyearbud.com\/fr\/ilostmyearbud-com\/\"]}]},{\"@type\":\"BreadcrumbList\",\"@id\":\"https:\/\/ilostmyearbud.com\/fr\/ilostmyearbud-com\/#breadcrumb\",\"itemListElement\":[{\"@type\":\"ListItem\",\"position\":1,\"name\":\"Home\",\"item\":\"https:\/\/ilostmyearbud.com\/fr\/\"},{\"@type\":\"ListItem\",\"position\":2,\"name\":\"IlostMyEarbud.com\"}]},{\"@type\":\"WebSite\",\"@id\":\"https:\/\/ilostmyearbud.com\/fr\/#website\",\"url\":\"https:\/\/ilostmyearbud.com\/fr\/\",\"name\":\"ilostmyearbud\",\"description\":\"Repariere, finde oder l\u00f6se verschiedene Probleme mit deinen Apple Airpods.\",\"potentialAction\":[{\"@type\":\"SearchAction\",\"target\":{\"@type\":\"EntryPoint\",\"urlTemplate\":\"https:\/\/ilostmyearbud.com\/fr\/?s={search_term_string}\"},\"query-input\":\"required name=search_term_string\"}],\"inLanguage\":\"fr-FR\"}]}<\/script>\n<!-- \/ Yoast SEO plugin. -->","yoast_head_json":{"title":"IlostMyEarbud.com - ilostmyearbud","robots":{"index":"index","follow":"follow","max-snippet":"max-snippet:-1","max-image-preview":"max-image-preview:large","max-video-preview":"max-video-preview:-1"},"canonical":"https:\/\/ilostmyearbud.com\/fr\/ilostmyearbud-com\/","og_locale":"fr_FR","og_type":"article","og_title":"IlostMyEarbud.com - ilostmyearbud","og_url":"https:\/\/ilostmyearbud.com\/fr\/ilostmyearbud-com\/","og_site_name":"ilostmyearbud","article_modified_time":"2021-09-23T13:51:36+00:00","twitter_card":"summary_large_image","schema":{"@context":"https:\/\/schema.org","@graph":[{"@type":"WebPage","@id":"https:\/\/ilostmyearbud.com\/fr\/ilostmyearbud-com\/","url":"https:\/\/ilostmyearbud.com\/fr\/ilostmyearbud-com\/","name":"IlostMyEarbud.com - ilostmyearbud","isPartOf":{"@id":"https:\/\/ilostmyearbud.com\/fr\/#website"},"datePublished":"2021-08-20T15:14:14+00:00","dateModified":"2021-09-23T13:51:36+00:00","breadcrumb":{"@id":"https:\/\/ilostmyearbud.com\/fr\/ilostmyearbud-com\/#breadcrumb"},"inLanguage":"fr-FR","potentialAction":[{"@type":"ReadAction","target":["https:\/\/ilostmyearbud.com\/fr\/ilostmyearbud-com\/"]}]},{"@type":"BreadcrumbList","@id":"https:\/\/ilostmyearbud.com\/fr\/ilostmyearbud-com\/#breadcrumb","itemListElement":[{"@type":"ListItem","position":1,"name":"Home","item":"https:\/\/ilostmyearbud.com\/fr\/"},{"@type":"ListItem","position":2,"name":"IlostMyEarbud.com"}]},{"@type":"WebSite","@id":"https:\/\/ilostmyearbud.com\/fr\/#website","url":"https:\/\/ilostmyearbud.com\/fr\/","name":"ilostmyearbud","description":"Repariere, finde oder l\u00f6se verschiedene Probleme mit deinen Apple Airpods.","potentialAction":[{"@type":"SearchAction","target":{"@type":"EntryPoint","urlTemplate":"https:\/\/ilostmyearbud.com\/fr\/?s={search_term_string}"},"query-input":"required name=search_term_string"}],"inLanguage":"fr-FR"}]}},"_links":{"self":[{"href":"https:\/\/ilostmyearbud.com\/fr\/wp-json\/wp\/v2\/pages\/10135","targetHints":{"allow":["GET"]}}],"collection":[{"href":"https:\/\/ilostmyearbud.com\/fr\/wp-json\/wp\/v2\/pages"}],"about":[{"href":"https:\/\/ilostmyearbud.com\/fr\/wp-json\/wp\/v2\/types\/page"}],"author":[{"embeddable":true,"href":"https:\/\/ilostmyearbud.com\/fr\/wp-json\/wp\/v2\/users\/1"}],"replies":[{"embeddable":true,"href":"https:\/\/ilostmyearbud.com\/fr\/wp-json\/wp\/v2\/comments?post=10135"}],"version-history":[{"count":5,"href":"https:\/\/ilostmyearbud.com\/fr\/wp-json\/wp\/v2\/pages\/10135\/revisions"}],"predecessor-version":[{"id":13386,"href":"https:\/\/ilostmyearbud.com\/fr\/wp-json\/wp\/v2\/pages\/10135\/revisions\/13386"}],"wp:attachment":[{"href":"https:\/\/ilostmyearbud.com\/fr\/wp-json\/wp\/v2\/media?parent=10135"}],"curies":[{"name":"wp","href":"https:\/\/api.w.org\/{rel}","templated":true}]}}