{"id":10291,"date":"2022-05-10T07:57:03","date_gmt":"2021-08-20T15:14:27","guid":{"rendered":"https:\/\/ilostmyearbud.com\/produkt\/auriculares-de-repuesto-de-los-airpods-de-apple-2a-generacion-solo-quedan-los-airpods-2-individuales\/"},"modified":"2023-04-26T13:33:26","modified_gmt":"2023-04-26T12:33:26","slug":"apple-airpods-zapata-izquierda-reemplazo-de-oido-2-gen","status":"publish","type":"product","link":"https:\/\/ilostmyearbud.com\/es\/produkt\/apple-airpods-zapata-izquierda-reemplazo-de-oido-2-gen\/","title":{"rendered":"Auriculares de repuesto de los AirPods de Apple (2\u00aa generaci\u00f3n), s\u00f3lo quedan los AirPods 2 individuales"},"content":{"rendered":"<p>\u00bfS\u00f3lo tienes un auricular derecho o s\u00f3lo funciona el auricular derecho? \u00bfHas perdido el auricular izquierdo o ya no funciona?<\/p>\n<p>S\u00f3lo tienes que colocar tus Airpods en el estuche de carga y, tras un breve proceso de reinicio, tu nuevo conjunto estar\u00e1 listo para usarse y conectarse.<\/p>\n<p>Esta es una oferta exclusiva. El auricular se entreg\u00f3 en el conjunto original incl. N\u00famero de serie adquirido al fabricante. A continuaci\u00f3n, se probaron los componentes individuales y se volvieron a embalar como piezas de recambio.<\/p>\n<p>Al recibirlos, tendr\u00e1s que restablecerlos con los nuevos AirPods y tus actuales AirPods en el estuche. Para ello, mantenga pulsado el cabezal durante unos 15 segundos hasta que el LED parpadee en rojo.<\/p>\n<h3>Etiquetas y caracter\u00edsticas del producto<\/h3>\n<p>Marca: Apple;<\/p>\n<p>Ref. del fabricante: <span data-sheets-value=\"{\" data-sheets-userformat=\"{\">MV7N2ZM\/A;<\/span><\/p>\n<p>Color: Blanco;<\/p>\n<p>Dise\u00f1o\/superficie: Brillante;<\/p>\n<p>Estado del art\u00edculo: Nuevo;<\/p>\n<p>Caracter\u00edsticas especiales: Micr\u00f3fono incorporado;<\/p>\n<p>N\u00famero de auriculares: Uno (izquierdo);<\/p>\n<p>Tecnolog\u00eda inal\u00e1mbrica: Bluetooth;<\/p>\n<p>Garant\u00eda del fabricante: 1 a\u00f1o;<\/p>\n<p>Tipo de micr\u00f3fono: Integrado;<\/p>\n<p>Factor de forma: s\u00f3lo en el o\u00eddo;<\/p>\n<p>Tipo de producto: auriculares intrauditivos;<\/p>\n<p>Ref. del fabricante: MV7N2ZM\/A, A2032, A2031, MV7N2, MRXJ2ZM\/A, MRXJ2;<\/p>\n<p>EAN: 00190199098558<\/p>\n","protected":false},"excerpt":{"rendered":"<p>\u00bfS\u00f3lo tienes un auricular derecho o s\u00f3lo funciona el auricular derecho? \u00bfHas perdido el auricular izquierdo o ya no funciona? S\u00f3lo tienes que colocar tus Airpods en el estuche de carga y, tras un breve proceso de reinicio, tu nuevo conjunto estar\u00e1 listo para usarse y conectarse. Esta es una oferta exclusiva. El auricular se [&hellip;]<\/p>\n","protected":false},"featured_media":24736,"template":"","meta":{"_acf_changed":false},"product_cat":[118,261,119,126],"product_tag":[],"class_list":{"0":"post-10291","1":"product","2":"type-product","3":"status-publish","4":"has-post-thumbnail","6":"product_cat-apple-es","7":"product_cat-nuevo","8":"product_cat-2a-generacion","9":"product_cat-izquierda","11":"first","12":"outofstock","13":"taxable","14":"shipping-taxable","15":"purchasable","16":"product-type-simple"},"acf":[],"yoast_head":"<!-- This site is optimized with the Yoast SEO plugin v23.3 - https:\/\/yoast.com\/wordpress\/plugins\/seo\/ -->\n<title>Auriculares de repuesto de los AirPods de Apple (2\u00aa generaci\u00f3n), s\u00f3lo quedan los AirPods 2 individuales - ilostmyearbud<\/title>\n<meta name=\"robots\" content=\"index, follow, max-snippet:-1, max-image-preview:large, max-video-preview:-1\" \/>\n<link rel=\"canonical\" href=\"https:\/\/ilostmyearbud.com\/es\/produkt\/apple-airpods-zapata-izquierda-reemplazo-de-oido-2-gen\/\" \/>\n<meta property=\"og:locale\" content=\"es_ES\" \/>\n<meta property=\"og:type\" content=\"article\" \/>\n<meta property=\"og:title\" content=\"Auriculares de repuesto de los AirPods de Apple (2\u00aa generaci\u00f3n), s\u00f3lo quedan los AirPods 2 individuales - ilostmyearbud\" \/>\n<meta property=\"og:description\" content=\"\u00bfS\u00f3lo tienes un auricular derecho o s\u00f3lo funciona el auricular derecho? \u00bfHas perdido el auricular izquierdo o ya no funciona? S\u00f3lo tienes que colocar tus Airpods en el estuche de carga y, tras un breve proceso de reinicio, tu nuevo conjunto estar\u00e1 listo para usarse y conectarse. Esta es una oferta exclusiva. El auricular se [&hellip;]\" \/>\n<meta property=\"og:url\" content=\"https:\/\/ilostmyearbud.com\/es\/produkt\/apple-airpods-zapata-izquierda-reemplazo-de-oido-2-gen\/\" \/>\n<meta property=\"og:site_name\" content=\"ilostmyearbud\" \/>\n<meta property=\"article:modified_time\" content=\"2023-04-26T12:33:26+00:00\" \/>\n<meta property=\"og:image\" content=\"https:\/\/ilostmyearbud.com\/wp-content\/uploads\/2020\/10\/AirPod-Links-2-Einzeln-Vorne-Small.png\" \/>\n\t<meta property=\"og:image:width\" content=\"1600\" \/>\n\t<meta property=\"og:image:height\" content=\"1600\" \/>\n\t<meta property=\"og:image:type\" content=\"image\/png\" \/>\n<meta name=\"twitter:card\" content=\"summary_large_image\" \/>\n<meta name=\"twitter:label1\" content=\"Tiempo de lectura\" \/>\n\t<meta name=\"twitter:data1\" content=\"1 minuto\" \/>\n<script type=\"application\/ld+json\" class=\"yoast-schema-graph\">{\"@context\":\"https:\/\/schema.org\",\"@graph\":[{\"@type\":\"WebPage\",\"@id\":\"https:\/\/ilostmyearbud.com\/es\/produkt\/apple-airpods-zapata-izquierda-reemplazo-de-oido-2-gen\/\",\"url\":\"https:\/\/ilostmyearbud.com\/es\/produkt\/apple-airpods-zapata-izquierda-reemplazo-de-oido-2-gen\/\",\"name\":\"Auriculares de repuesto de los AirPods de Apple (2\u00aa generaci\u00f3n), s\u00f3lo quedan los AirPods 2 individuales - ilostmyearbud\",\"isPartOf\":{\"@id\":\"https:\/\/ilostmyearbud.com\/es\/#website\"},\"primaryImageOfPage\":{\"@id\":\"https:\/\/ilostmyearbud.com\/es\/produkt\/apple-airpods-zapata-izquierda-reemplazo-de-oido-2-gen\/#primaryimage\"},\"image\":{\"@id\":\"https:\/\/ilostmyearbud.com\/es\/produkt\/apple-airpods-zapata-izquierda-reemplazo-de-oido-2-gen\/#primaryimage\"},\"thumbnailUrl\":\"https:\/\/ilostmyearbud.com\/wp-content\/uploads\/2020\/10\/AirPod-Links-2-Einzeln-Vorne-Small.png\",\"datePublished\":\"2021-08-20T15:14:27+00:00\",\"dateModified\":\"2023-04-26T12:33:26+00:00\",\"breadcrumb\":{\"@id\":\"https:\/\/ilostmyearbud.com\/es\/produkt\/apple-airpods-zapata-izquierda-reemplazo-de-oido-2-gen\/#breadcrumb\"},\"inLanguage\":\"es\",\"potentialAction\":[{\"@type\":\"ReadAction\",\"target\":[\"https:\/\/ilostmyearbud.com\/es\/produkt\/apple-airpods-zapata-izquierda-reemplazo-de-oido-2-gen\/\"]}]},{\"@type\":\"ImageObject\",\"inLanguage\":\"es\",\"@id\":\"https:\/\/ilostmyearbud.com\/es\/produkt\/apple-airpods-zapata-izquierda-reemplazo-de-oido-2-gen\/#primaryimage\",\"url\":\"https:\/\/ilostmyearbud.com\/wp-content\/uploads\/2020\/10\/AirPod-Links-2-Einzeln-Vorne-Small.png\",\"contentUrl\":\"https:\/\/ilostmyearbud.com\/wp-content\/uploads\/2020\/10\/AirPod-Links-2-Einzeln-Vorne-Small.png\",\"width\":1600,\"height\":1600},{\"@type\":\"BreadcrumbList\",\"@id\":\"https:\/\/ilostmyearbud.com\/es\/produkt\/apple-airpods-zapata-izquierda-reemplazo-de-oido-2-gen\/#breadcrumb\",\"itemListElement\":[{\"@type\":\"ListItem\",\"position\":1,\"name\":\"Home\",\"item\":\"https:\/\/ilostmyearbud.com\/es\/\"},{\"@type\":\"ListItem\",\"position\":2,\"name\":\"Tienda\",\"item\":\"https:\/\/ilostmyearbud.com\/es\/tienda-2\/\"},{\"@type\":\"ListItem\",\"position\":3,\"name\":\"Auriculares de repuesto de los AirPods de Apple (2\u00aa generaci\u00f3n), s\u00f3lo quedan los AirPods 2 individuales\"}]},{\"@type\":\"WebSite\",\"@id\":\"https:\/\/ilostmyearbud.com\/es\/#website\",\"url\":\"https:\/\/ilostmyearbud.com\/es\/\",\"name\":\"ilostmyearbud\",\"description\":\"Repariere, finde oder l\u00f6se verschiedene Probleme mit deinen Apple Airpods.\",\"potentialAction\":[{\"@type\":\"SearchAction\",\"target\":{\"@type\":\"EntryPoint\",\"urlTemplate\":\"https:\/\/ilostmyearbud.com\/es\/?s={search_term_string}\"},\"query-input\":\"required name=search_term_string\"}],\"inLanguage\":\"es\"}]}<\/script>\n<!-- \/ Yoast SEO plugin. -->","yoast_head_json":{"title":"Auriculares de repuesto de los AirPods de Apple (2\u00aa generaci\u00f3n), s\u00f3lo quedan los AirPods 2 individuales - ilostmyearbud","robots":{"index":"index","follow":"follow","max-snippet":"max-snippet:-1","max-image-preview":"max-image-preview:large","max-video-preview":"max-video-preview:-1"},"canonical":"https:\/\/ilostmyearbud.com\/es\/produkt\/apple-airpods-zapata-izquierda-reemplazo-de-oido-2-gen\/","og_locale":"es_ES","og_type":"article","og_title":"Auriculares de repuesto de los AirPods de Apple (2\u00aa generaci\u00f3n), s\u00f3lo quedan los AirPods 2 individuales - ilostmyearbud","og_description":"\u00bfS\u00f3lo tienes un auricular derecho o s\u00f3lo funciona el auricular derecho? \u00bfHas perdido el auricular izquierdo o ya no funciona? S\u00f3lo tienes que colocar tus Airpods en el estuche de carga y, tras un breve proceso de reinicio, tu nuevo conjunto estar\u00e1 listo para usarse y conectarse. Esta es una oferta exclusiva. El auricular se [&hellip;]","og_url":"https:\/\/ilostmyearbud.com\/es\/produkt\/apple-airpods-zapata-izquierda-reemplazo-de-oido-2-gen\/","og_site_name":"ilostmyearbud","article_modified_time":"2023-04-26T12:33:26+00:00","og_image":[{"width":1600,"height":1600,"url":"https:\/\/ilostmyearbud.com\/wp-content\/uploads\/2020\/10\/AirPod-Links-2-Einzeln-Vorne-Small.png","type":"image\/png"}],"twitter_card":"summary_large_image","twitter_misc":{"Tiempo de lectura":"1 minuto"},"schema":{"@context":"https:\/\/schema.org","@graph":[{"@type":"WebPage","@id":"https:\/\/ilostmyearbud.com\/es\/produkt\/apple-airpods-zapata-izquierda-reemplazo-de-oido-2-gen\/","url":"https:\/\/ilostmyearbud.com\/es\/produkt\/apple-airpods-zapata-izquierda-reemplazo-de-oido-2-gen\/","name":"Auriculares de repuesto de los AirPods de Apple (2\u00aa generaci\u00f3n), s\u00f3lo quedan los AirPods 2 individuales - ilostmyearbud","isPartOf":{"@id":"https:\/\/ilostmyearbud.com\/es\/#website"},"primaryImageOfPage":{"@id":"https:\/\/ilostmyearbud.com\/es\/produkt\/apple-airpods-zapata-izquierda-reemplazo-de-oido-2-gen\/#primaryimage"},"image":{"@id":"https:\/\/ilostmyearbud.com\/es\/produkt\/apple-airpods-zapata-izquierda-reemplazo-de-oido-2-gen\/#primaryimage"},"thumbnailUrl":"https:\/\/ilostmyearbud.com\/wp-content\/uploads\/2020\/10\/AirPod-Links-2-Einzeln-Vorne-Small.png","datePublished":"2021-08-20T15:14:27+00:00","dateModified":"2023-04-26T12:33:26+00:00","breadcrumb":{"@id":"https:\/\/ilostmyearbud.com\/es\/produkt\/apple-airpods-zapata-izquierda-reemplazo-de-oido-2-gen\/#breadcrumb"},"inLanguage":"es","potentialAction":[{"@type":"ReadAction","target":["https:\/\/ilostmyearbud.com\/es\/produkt\/apple-airpods-zapata-izquierda-reemplazo-de-oido-2-gen\/"]}]},{"@type":"ImageObject","inLanguage":"es","@id":"https:\/\/ilostmyearbud.com\/es\/produkt\/apple-airpods-zapata-izquierda-reemplazo-de-oido-2-gen\/#primaryimage","url":"https:\/\/ilostmyearbud.com\/wp-content\/uploads\/2020\/10\/AirPod-Links-2-Einzeln-Vorne-Small.png","contentUrl":"https:\/\/ilostmyearbud.com\/wp-content\/uploads\/2020\/10\/AirPod-Links-2-Einzeln-Vorne-Small.png","width":1600,"height":1600},{"@type":"BreadcrumbList","@id":"https:\/\/ilostmyearbud.com\/es\/produkt\/apple-airpods-zapata-izquierda-reemplazo-de-oido-2-gen\/#breadcrumb","itemListElement":[{"@type":"ListItem","position":1,"name":"Home","item":"https:\/\/ilostmyearbud.com\/es\/"},{"@type":"ListItem","position":2,"name":"Tienda","item":"https:\/\/ilostmyearbud.com\/es\/tienda-2\/"},{"@type":"ListItem","position":3,"name":"Auriculares de repuesto de los AirPods de Apple (2\u00aa generaci\u00f3n), s\u00f3lo quedan los AirPods 2 individuales"}]},{"@type":"WebSite","@id":"https:\/\/ilostmyearbud.com\/es\/#website","url":"https:\/\/ilostmyearbud.com\/es\/","name":"ilostmyearbud","description":"Repariere, finde oder l\u00f6se verschiedene Probleme mit deinen Apple Airpods.","potentialAction":[{"@type":"SearchAction","target":{"@type":"EntryPoint","urlTemplate":"https:\/\/ilostmyearbud.com\/es\/?s={search_term_string}"},"query-input":"required name=search_term_string"}],"inLanguage":"es"}]}},"_links":{"self":[{"href":"https:\/\/ilostmyearbud.com\/es\/wp-json\/wp\/v2\/product\/10291","targetHints":{"allow":["GET"]}}],"collection":[{"href":"https:\/\/ilostmyearbud.com\/es\/wp-json\/wp\/v2\/product"}],"about":[{"href":"https:\/\/ilostmyearbud.com\/es\/wp-json\/wp\/v2\/types\/product"}],"wp:featuredmedia":[{"embeddable":true,"href":"https:\/\/ilostmyearbud.com\/es\/wp-json\/wp\/v2\/media\/24736"}],"wp:attachment":[{"href":"https:\/\/ilostmyearbud.com\/es\/wp-json\/wp\/v2\/media?parent=10291"}],"wp:term":[{"taxonomy":"product_cat","embeddable":true,"href":"https:\/\/ilostmyearbud.com\/es\/wp-json\/wp\/v2\/product_cat?post=10291"},{"taxonomy":"product_tag","embeddable":true,"href":"https:\/\/ilostmyearbud.com\/es\/wp-json\/wp\/v2\/product_tag?post=10291"}],"curies":[{"name":"wp","href":"https:\/\/api.w.org\/{rel}","templated":true}]}}